{"id":7158,"date":"2024-04-20T06:25:57","date_gmt":"2024-04-20T06:25:57","guid":{"rendered":"https:\/\/der-kanun.musaj.com\/?post_type=product&#038;p=7158"},"modified":"2025-10-09T06:06:13","modified_gmt":"2025-10-09T06:06:13","slug":"lisi-leka","status":"publish","type":"product","link":"https:\/\/www.derkanun.ch\/sq\/product\/lisi-leka\/","title":{"rendered":"Lisi &#038; Leka"},"content":{"rendered":"<h1 class=\"fusion-responsive-typography-calculated\" data-fontsize=\"34\" data-lineheight=\"47.94px\">Parath\u00ebnie<\/h1>\n<p data-fontsize=\"34\" data-lineheight=\"47.94px\">\u00a0Lisi dhe Leka Dy emra t\u00eb nj\u00eb gjenerate t\u00eb re.Bardhec Berisha n\u00eb hap me gjenerata sjell nj\u00eb vep\u00ebr te re.Libri \u00ebsht\u00eb i dedikuar p\u00ebr nip\u00ebrit e mbesat e takoj gjenerat\u00ebs s\u00eb dyt\u00eb. Jam vajza e Bardhecit. Si pjese Un\u00eb e njoh shum\u00eb mir\u00eb biografin\u00eb e tij dhe kjo ka ndikuar shum\u00eb tek un\u00eb n\u00eb ekzistenc\u00ebn (formimin) tim. Meqen\u00ebse poezit\u00eb e Bardhecit jan\u00eb shum\u00eb t\u00eb ngjyrosura nga jeta e tij, edhe un\u00eb gjithashtu ashtu kam kontribuar pa dashje n\u00eb p\u00ebrmbajtjen e tyre, me vendimet e mia, fale nevoj\u00ebs sime p\u00ebr pavar\u00ebsi dhe liri, si dhe me diskutimet intensive q\u00eb kemi pasur s\u00eb bashku. Anasjelltas, kjo funksionon po ashtu. Ma usund zu aryadse zurys zu asald sam zun sol p\u00ebrit e mbesat e tij. Une pun\u00ebtor s p\u00ebr shkak M dhe, nga v\u00ebshtira Bardhec E gjitha vje\u00e7 dhe Zvicer nj\u00eb tru livadl konkrete p\u00ebrs\u00ebri Un\u00eb nuk shkruaj poezi, por Bardheci ka ndikuar gjithashtu tek un\u00eb. E vler\u00ebsoj shum\u00eb rolin e tij nd\u00ebrmjet\u00ebsues n\u00eb fshatin e tij, natyr\u00ebn e tij te qet\u00eb n\u00eb situata t\u00eb konfliktit, humorin e tij, tij te hapur ndaj njer\u00ebzve, natyr\u00ebn e tij vet\u00ebkritike dhe pik\u00ebpamjen e tij p\u00ebr bot\u00ebn. Atij i p\u00eblqen t&#8217;i tregoj\u00eb njohurit\u00eb e tij t\u00eb gjera dhe t\u00eb thella p\u00ebr historin\u00eb, kultur\u00ebn dhe politik\u00ebn e Ballkanit dhe me i nda mendimet me t\u00eb af\u00ebrmit e bashk\u00ebbiseduesit. T\u00eb gjitha k\u00ebto i vler\u00ebsoj shum\u00eb dhe kan\u00eb vler\u00eb t\u00eb madhe. t\u00eb t\u00eb tilla mbush deri n\u00eb ed Ka kushte t\u00eb ndryshme strukturore, q\u00eb ndikojn\u00eb n\u00eb jet\u00ebn. Jeta e Bardhecit identifikohet me shtypjen, luft\u00ebn, migrimin dhe diskriminimin. N\u00eb familjen e tij dhe n\u00eb farefisin e tij kishte shum\u00eb raste vdekjeje. Shok\u00eb, kush\u00ebri (axha, djali i axh\u00ebs) si dhe n\u00ebna e tij, u larguan (ik\u00ebn) shum\u00eb her\u00ebt nga jeta e tij. Gjat\u00eb koh\u00ebs s\u00eb studimeve n\u00eb Kosov\u00eb, ai u detyrua t\u00eb largohej nga Kosova, p\u00ebr arsye<br \/>\npolitike. Zvicra ishte destinacioni i tij, sepse n\u00eb at\u00eb koh\u00eb gjyshi im punonte n\u00eb Zvicr\u00ebn Qendrore. Ai ka sh\u00ebrbyer si pun\u00ebtor i ftuar n\u00eb industrin\u00eb e nd\u00ebrtimit. T\u00eb jesh pun\u00ebtor sezonal (stinor) nuk ishte e leht\u00eb. Nga nj\u00ebra an\u00eb, p\u00ebr shkak se Bardheci gjeti nj\u00eb rreth t\u00eb vog\u00ebl t\u00eb vendasve dhe, nga ana tjet\u00ebr, p\u00ebr shkak se kushtet e pun\u00ebs ishin t\u00eb v\u00ebshtira. Pagat e dob\u00ebta, strehimi n\u00eb baraka, detyrimet. Bardheci donte t\u00eb kthehej n\u00eb Kosov\u00eb. Pastaj erdhi lufta. E gjith\u00eb familja erdhi n\u00eb Zvic\u00ebr para luft\u00ebs. Isha pes\u00eb vje\u00e7 dhe nuk me pyeti askush n\u00ebse doja t\u00eb shkoja n\u00eb Zvic\u00ebr. Si f\u00ebmij\u00eb, momenti i mb\u00ebrritjes n\u00eb Zvic\u00ebr ishte nj\u00eb tronditje p\u00ebr mua. N\u00eb Kosov\u00eb kisha hap\u00ebsir\u00eb. Kishte livadhe, fusha, pem\u00eb dhe lisa. N\u00eb Luzern kryesisht kishte beton. Gjith\u00e7ka ishte gri. Kemi jetuar n\u00eb nj\u00eb rreth dhe hap\u00ebsir\u00eb t\u00eb ngusht\u00eb. Ndihesha e kufizuar. Un\u00eb kisha d\u00ebshir\u00eb p\u00ebr t\u00eb l\u00ebvizur, kam b\u00ebr\u00eb pyetje se sa larg mund t\u00eb shkoj, pasi t\u00eb provoj. Por kjo nuk dukej e mundur n\u00eb fillim. Sepse gjith\u00e7ka ishte e pasigurt. Nuk e dinim sa koh\u00eb do t\u00eb q\u00ebndronim dhe a do t\u00eb mbesim n\u00eb Zvic\u00ebr, nuk e dinim n\u00ebse do t\u00eb ishte e mundur kjo gj\u00eb financiarisht, nuk e dinim se a i plot\u00ebsojm\u00eb kushtet ligjore, nuk ishte i nj\u00ebjt\u00eb sikur p\u00ebr zviceran\u00ebt. Nj\u00eb rrjet i vog\u00ebl, pak njohuri gjuh\u00ebsore, pak kontakte, shum\u00eb pasiguri dhe munges\u00eb t\u00eb t\u00eb kuptuarit. P\u00ebrvoja t\u00eb k\u00ebqija me autoritetet shtet\u00ebrore, njer\u00ebzit n\u00eb uniforma dhe mbik\u00ebqyr\u00ebsit. Kjo \u00ebsht\u00eb frik\u00ebsim. Kjo \u00ebsht\u00eb politika. K\u00ebto jan\u00eb vendimet. Ky \u00ebsht\u00eb p\u00ebr t\u00eb Un\u00eb i pjes\u00eb e dhe batic\u00ebn. i zbeht\u00eb. kapitulli a l\u00eb neto nj\u00eb q\u00ebndrim. Koha kalon. Bardhec \u00ebsht\u00eb, si gjithmon\u00eb, nj\u00eb sentimentalist. Ai ka gjetur gjithnj\u00eb nj\u00eb rrug\u00eb p\u00ebr t`i zgjedhur gj\u00ebrat. Edhe un\u00eb. Por edhe sot shum\u00eb njer\u00ebz q\u00eb kan\u00eb ardhur tani n\u00eb Zvic\u00ebr, jan\u00eb n\u00eb nj\u00eb situat\u00eb t\u00eb ngjashme.<\/p>\n<h1 data-fontsize=\"34\" data-lineheight=\"47.94px\"><\/h1>\n<h1 data-fontsize=\"34\" data-lineheight=\"47.94px\"><\/h1>\n<h1 class=\"fusion-responsive-typography-calculated\" data-fontsize=\"34\" data-lineheight=\"47.94px\">Shenime per Autorin<\/h1>\n<h2 class=\"fusion-responsive-typography-calculated\" data-fontsize=\"21\" data-lineheight=\"27.09px\">Bardhec Berisha<\/h2>\n<p>U lind me 16.03.1961 ne Doberdol komuna e Klines, Kosove. Shkollen fillore e kreu ne Ujmire, gjimnazin ne Kline, ndersa studioi gjuhen dhe letersin shqipe ne Universitetin e Prishtines. Me 1982 martohet me Bora Duhanaj. Ne fillim viteve te tetdhjeta, Bardhec Berisha shkon nga Kosova ne Zvicer, ku edhe sot jeton. Ai punoi ne ndertimtari, per te siguruar ekzistencen e familjes ne Kosove.Kohen e paket te lire qe e kishte, ia kushtonte letersise te cilen e studioi para se te migronte. Punon edhe si perkthyes ne Institucione te ndryshme. Perveq shkrimeve ai merret edhe me perkthime letrare. Me 1991 merr familjen ne Zvicerr ku edhe sot jeton me gruan e vet me kater femijet si dhe me dy nipat dhe mbesen.<\/p>\n","protected":false},"excerpt":{"rendered":"<p>Parath\u00ebnie \u00a0Lisi dhe Leka Dy emra t\u00eb nj\u00eb gjenerate t\u00eb re.Bardhec Berisha n\u00eb hap me gjenerata sjell nj\u00eb vep\u00ebr te re.Libri \u00ebsht\u00eb i dedikuar p\u00ebr nip\u00ebrit e mbesat e takoj gjenerat\u00ebs s\u00eb dyt\u00eb. Jam vajza e Bardhecit. Si pjese Un\u00eb e njoh shum\u00eb mir\u00eb biografin\u00eb e tij dhe kjo ka ndikuar shum\u00eb tek un\u00eb n\u00eb &hellip; <br \/><a href=\"https:\/\/www.derkanun.ch\/sq\/product\/lisi-leka\/\" class=\"more-link\">Continue reading <span class=\"screen-reader-text\">Lisi &#038; Leka<\/span><\/a><\/p>\n","protected":false},"featured_media":7745,"comment_status":"open","ping_status":"closed","template":"","meta":{"_monsterinsights_skip_tracking":false,"_monsterinsights_sitenote_active":false,"_monsterinsights_sitenote_note":"","_monsterinsights_sitenote_category":0},"product_cat":[91],"product_tag":[],"class_list":{"0":"post-7158","1":"product","2":"type-product","3":"status-publish","4":"has-post-thumbnail","6":"product_cat-bardhec-berisha","8":"first","9":"instock","10":"shipping-taxable","11":"purchasable","12":"product-type-simple"},"aioseo_notices":[],"_links":{"self":[{"href":"https:\/\/www.derkanun.ch\/sq\/wp-json\/wp\/v2\/product\/7158","targetHints":{"allow":["GET"]}}],"collection":[{"href":"https:\/\/www.derkanun.ch\/sq\/wp-json\/wp\/v2\/product"}],"about":[{"href":"https:\/\/www.derkanun.ch\/sq\/wp-json\/wp\/v2\/types\/product"}],"replies":[{"embeddable":true,"href":"https:\/\/www.derkanun.ch\/sq\/wp-json\/wp\/v2\/comments?post=7158"}],"wp:featuredmedia":[{"embeddable":true,"href":"https:\/\/www.derkanun.ch\/sq\/wp-json\/wp\/v2\/media\/7745"}],"wp:attachment":[{"href":"https:\/\/www.derkanun.ch\/sq\/wp-json\/wp\/v2\/media?parent=7158"}],"wp:term":[{"taxonomy":"product_cat","embeddable":true,"href":"https:\/\/www.derkanun.ch\/sq\/wp-json\/wp\/v2\/product_cat?post=7158"},{"taxonomy":"product_tag","embeddable":true,"href":"https:\/\/www.derkanun.ch\/sq\/wp-json\/wp\/v2\/product_tag?post=7158"}],"curies":[{"name":"wp","href":"https:\/\/api.w.org\/{rel}","templated":true}]}}