{"id":7155,"date":"2024-04-20T06:23:29","date_gmt":"2024-04-20T06:23:29","guid":{"rendered":"https:\/\/der-kanun.musaj.com\/?post_type=product&#038;p=7155"},"modified":"2025-12-05T20:54:50","modified_gmt":"2025-12-05T20:54:50","slug":"kujtime-tbardha","status":"publish","type":"product","link":"https:\/\/www.derkanun.ch\/sq\/product\/kujtime-tbardha\/","title":{"rendered":"Kujtime t&#8217;Bardha"},"content":{"rendered":"<h1 class=\"fusion-responsive-typography-calculated\" data-fontsize=\"34\" data-lineheight=\"47.94px\">Bardhec Berisha<\/h1>\n<p>Puhiza q\u00eb vazhdon t\u00eb rrug\u00ebtoj\u00eb Pete Imn N\u00eb shk Fjala Haiku rrjedh nga gjuha japoneze q\u00eb n\u00eb gjuh\u00ebn shqipe do t\u00eb thot\u00eb \u201eVargje gazmore&#8221;. dy Stili i poezis\u00eb Haiku \u00ebsht\u00eb nj\u00eb form\u00eb poetike tradicionale Japoneze, e cila sot \u00ebsht\u00eb zgjeruar n\u00eb t\u00ebr\u00eb bot\u00ebn. Kjo form\u00eb e t\u00eb shkruarit njihet si forma m\u00eb e shkurt\u00eb poetike n\u00eb bot\u00eb. Mund M H Haiku japonez m\u00eb se shpeshti p\u00ebrb\u00ebhet prej tri grupeve t\u00eb fjal\u00ebve me 5 &#8211; 7 &#8211; 5 rrokje t\u00eb theksuara, rreshtat jan\u00eb t\u00eb shkruar vertikal. Ja nj\u00eb shembull tipik t\u00eb Haiku-s t\u00eb shkruar nga poeti Matsuo Bash\u00f6: m Eshte th 1 Ai humbi forc\u00ebn e tij Kawazu tobikomu Mizu jo oto q\u00eb n\u00eb p\u00ebrkthim n\u00eb gjuh\u00ebn shqipe do t\u00eb thot\u00eb: Pellgu i vjet\u00ebr Nj\u00eb bretkos\u00eb hidhet n\u00eb te Oh! zhurma e ujit. Matsuo Bash\u00f6 sot num\u00ebrohet si poeti i par\u00eb i madh i poezis\u00eb Haiku, kurse poezia e tij \u00ab Bretkoca &gt;&gt;&gt; \u00ebsht\u00eb poezia m\u00eb e cituar n\u00eb bot\u00eb e stilit Haiku. N\u00eb let\u00ebrsin\u00eb gjermane poezia Haiku filloin t\u00eb shkruhet qysh n\u00eb vitin 1920. Krahas Reiner Maria Rilkes dhe Franz Blei, Haiku kan\u00eb shkruar edhe<br \/>\nPeter Altenberg, Alfred Mombert, Arno Imma von Bodmershof etj. Druri, N\u00eb let\u00ebrsin\u00eb shqipe poezia haiku ka filluar shkruhet von\u00eb. Nj\u00ebri prej atyre q\u00eb shkroi poezi haiku \u00ebsht\u00eb Halil Haxhosaj. n Eshte Puhiz\u00eb qe nuk di t\u00eb ndalet, vazhdon t\u00eb rrug\u00ebtoj\u00eb! a Me vargjet e tij poetike n\u00eb stilin Haiku poeti Haxhosaj, na jep nj\u00eb mesazh konceptual shpirt\u00ebror, m\u00eb nj\u00eb bazament t\u00eb fort\u00eb t\u00eb ndjenjave poetike, i cili e p\u00ebrshkon vargun n\u00eb m\u00ebnyr\u00eb graduale deri n\u00eb thelb. Ulet bregu i detit, N\u00eb cep t\u00eb dritares Ka shum\u00eb kalt\u00ebrsi. Mbet\u00ebt hap\u00ebsir\u00eb e mjaftueshme p\u00ebr t\u00eb rrug\u00ebtuar, edhe pas k\u00ebtij rrug\u00ebtimi, apo jo? N\u00ebse ke d\u00ebshir\u00eb, lexues i dashur, vazhdo rrug\u00ebtimin, thellohu, imagjino, por edhe ke rastin t\u00eb bashk\u00eb q\u00ebndrosh me realen. Poeti p\u00ebrpos rrug\u00ebtimit q\u00eb e b\u00ebn, ai nuk e le anash, por e p\u00ebrshkruan edhe at\u00eb q\u00eb e shijoi gjat\u00eb k\u00ebsaj , pra idilin e shtrenjt\u00eb. rruge Poeti e mish\u00ebron lexuesin me Haikun e vet, p\u00ebrmes elementeve t\u00eb cilat ai i shkruan, i p\u00ebrshkruan dhe i p\u00ebrjeton aq mir\u00eb.<\/p>\n<p>&nbsp;<\/p>\n<h1 class=\"fusion-responsive-typography-calculated\" data-fontsize=\"34\" data-lineheight=\"47.94px\">Shenime per Autorin<\/h1>\n<p>Halil Haxhosaj lindi n\u00eb Preklukaj (Prekolluk) te Vokshit, m\u00eb 16 n\u00ebntor 1946 dhe vdiq m\u00eb 22 maj 2017 n\u00eb Gjakov\u00eb. Shkoll\u00ebn fillore, shkoll\u00ebn normale dhe SHLP &#8211; Dega gjuh\u00eb dhe let\u00ebrsi shqipe i kreu n\u00eb Gjakov\u00eb, nd\u00ebrsa fakultetin n\u00eb Universitetin e Kosov\u00ebs n\u00eb Prishtin\u00eb. Nj\u00eb koh\u00eb punoi m\u00ebsues dhe arsimtar n\u00eb Cermjan t\u00eb Dushkaj\u00ebs, profesor i Gjuh\u00ebs dhe let\u00ebrsis\u00eb shqipe n\u00eb Gjimnazin &#8220;Hajdar Dushi&#8221; dhe n\u00eb Shkoll\u00ebn e mesme t\u00eb mjek\u00ebsis\u00eb &#8220;Hynsi Zajmi&#8221; n\u00eb Gjakov\u00eb. Ishte an\u00ebtar i Lidhjes s\u00eb shkrimtar\u00ebve t\u00eb Kosov\u00ebs, i WPS (Shoqata e Poet\u00ebve t\u00eb Bot\u00ebs) dhe i kryesis\u00eb s\u00eb Klubit letrar &#8220;Gjon Nikoll\u00eb Kazasi&#8221; n\u00eb Gjakov\u00eb. M\u00eb shkrime letrare ka filluar t\u00eb merret q\u00eb kur ishte nx\u00ebn\u00ebs i shkoll\u00ebs fillore. Me shkrimet e veta \u00ebsht\u00eb fitues i disa shp\u00ebrblimeve letrare. Po ashtu poezia e tij \u00ebsht\u00eb e p\u00ebrkthyer edhe n\u00eb disa gjuh\u00eb tjera si: rumanisht, gjermanisht, fr\u00ebngjisht, italisht, polonisht, anglisht, serbisht, turqisht etj. Dhe \u00ebsht\u00eb prezantuar n\u00eb disa antologji. Halil Haxhosaj shkruante poezi p\u00ebr t\u00eb rritur dhe p\u00ebr f\u00ebmij\u00eb, proz\u00eb, kritik\u00eb letrare, shkrime p\u00ebr teat\u00ebr, romane, drama, skenar p\u00ebr film e televizion dhe shkrime publicistike. Ai ka botuar k\u00ebto vepra letrare: &#8220;Damar\u00ebt e ringjallur&#8221;, poezi, Gjakov\u00eb 1992 &#8220;N\u00eb kafaz me pantera&#8221;, poezi Gjakov\u00eb, 1993<br \/>\n&#8220;K\u00ebng\u00eb t\u00eb ngrira&#8221;, poezi, Prishtin\u00eb, 1996 &#8221; Z\u00ebra t\u00eb grisur&#8221;, poezi, Prishtin\u00eb, 1998 &#8220;Hija e or\u00eblig\u00ebs&#8221;, poezi, Prishtin\u00eb, 2000 &#8220;Pastaj b\u00ebhu relikt&#8221;, poezi, Prishtin\u00eb, 2003 &#8220;Hija e \u00ebndrrave&#8221;, poezi, Bukuresht, 2004 &#8220;Pakoh\u00ebsi&#8221;, tregime, Prishtin\u00eb, 2005 &#8220;Perimtime letrare&#8221;, Kritik let. Gjakov\u00eb, 2006 &#8220;Fjal\u00eb e plag\u00eb&#8221;, poezi, Gjakov\u00eb, 2007 Histori n\u00eb nat\u00ebn e vran\u00ebt, roman, Tiran, 2008 &#8220;Puhiz\u00eb zemre&#8221;, Haiku, shqip-anglisht, Elbasan, 2009 &#8220;P\u00ebrkushtime&#8221;, poezi kushtuar Din Mehmetit, Gjakov\u00eb 2009 &#8220;Puhiz\u00eb shpirti&#8221;, Haiku, Prishtin\u00eb, 2010 &#8220;V\u00ebshtrime n\u00eb proz\u00ebn romanore t\u00eb Petrit Palushit&#8221; kritik letrare, Tiran\u00eb, 2011 &#8220;Kur u m\u00ebsova me drit\u00ebn&#8221; poezi, SHBA 2011 &#8220;Shi pa vran\u00ebsira&#8221;, tregime, Prishtin\u00eb, 2011 &#8220;Pavdek\u00ebsia e poeti\u0165&#8221; poezi, Gjakov\u00eb 2011 &#8220;Klubi letrar GJ. N. Kazasi&#8221; monografi, Gjakov\u00eb, 2012 &#8220;Lot e lakmi&#8221;, dram\u00eb, Prishtin\u00eb, 2012 &#8220;Lexime t\u00eb poezis\u00eb&#8221;kritika letrare, Prishtin\u00eb, 2013 &#8220;Pasi ngrihet perdja&#8221;, Shkrime p\u00ebr t\u00ebta\u00ebr, Prishtin\u00eb, 2013 &#8220;Ekspozit\u00eb n\u00eb stin\u00ebnne re&#8221;, poezi, Gjakov\u00eb, 2014 &#8220;Nyjetime letrare&#8221; V\u00ebshtrime kritike, Bukursht, 2014<br \/>\n&#8220;Puhiz\u00eb p\u00ebrjet\u00ebsie&#8221; haiku, Gjakov\u00eb, 2015 &#8220;Hapesirave t\u00eb let\u00ebrsis\u00eb&#8221;, kritika, Gjakov\u00eb, 2016 &#8220;Sh\u00ebnimet e kapitenit&#8221;, roma, Prizren, 2017<\/p>\n","protected":false},"excerpt":{"rendered":"<p>Bardhec Berisha Puhiza q\u00eb vazhdon t\u00eb rrug\u00ebtoj\u00eb Pete Imn N\u00eb shk Fjala Haiku rrjedh nga gjuha japoneze q\u00eb n\u00eb gjuh\u00ebn shqipe do t\u00eb thot\u00eb \u201eVargje gazmore&#8221;. dy Stili i poezis\u00eb Haiku \u00ebsht\u00eb nj\u00eb form\u00eb poetike tradicionale Japoneze, e cila sot \u00ebsht\u00eb zgjeruar n\u00eb t\u00ebr\u00eb bot\u00ebn. Kjo form\u00eb e t\u00eb shkruarit njihet si forma m\u00eb e &hellip; <br \/><a href=\"https:\/\/www.derkanun.ch\/sq\/product\/kujtime-tbardha\/\" class=\"more-link\">Continue reading <span class=\"screen-reader-text\">Kujtime t&#8217;Bardha<\/span><\/a><\/p>\n","protected":false},"featured_media":7744,"comment_status":"open","ping_status":"closed","template":"","meta":{"_monsterinsights_skip_tracking":false,"_monsterinsights_sitenote_active":false,"_monsterinsights_sitenote_note":"","_monsterinsights_sitenote_category":0},"product_cat":[92],"product_tag":[],"class_list":{"0":"post-7155","1":"product","2":"type-product","3":"status-publish","4":"has-post-thumbnail","6":"product_cat-halil-haxhosaj","8":"first","9":"instock","10":"shipping-taxable","11":"purchasable","12":"product-type-simple"},"aioseo_notices":[],"_links":{"self":[{"href":"https:\/\/www.derkanun.ch\/sq\/wp-json\/wp\/v2\/product\/7155","targetHints":{"allow":["GET"]}}],"collection":[{"href":"https:\/\/www.derkanun.ch\/sq\/wp-json\/wp\/v2\/product"}],"about":[{"href":"https:\/\/www.derkanun.ch\/sq\/wp-json\/wp\/v2\/types\/product"}],"replies":[{"embeddable":true,"href":"https:\/\/www.derkanun.ch\/sq\/wp-json\/wp\/v2\/comments?post=7155"}],"wp:featuredmedia":[{"embeddable":true,"href":"https:\/\/www.derkanun.ch\/sq\/wp-json\/wp\/v2\/media\/7744"}],"wp:attachment":[{"href":"https:\/\/www.derkanun.ch\/sq\/wp-json\/wp\/v2\/media?parent=7155"}],"wp:term":[{"taxonomy":"product_cat","embeddable":true,"href":"https:\/\/www.derkanun.ch\/sq\/wp-json\/wp\/v2\/product_cat?post=7155"},{"taxonomy":"product_tag","embeddable":true,"href":"https:\/\/www.derkanun.ch\/sq\/wp-json\/wp\/v2\/product_tag?post=7155"}],"curies":[{"name":"wp","href":"https:\/\/api.w.org\/{rel}","templated":true}]}}