{"id":7158,"date":"2024-04-20T06:25:57","date_gmt":"2024-04-20T06:25:57","guid":{"rendered":"https:\/\/der-kanun.musaj.com\/?post_type=product&#038;p=7158"},"modified":"2025-10-09T06:06:13","modified_gmt":"2025-10-09T06:06:13","slug":"lisi-leka","status":"publish","type":"product","link":"https:\/\/www.derkanun.ch\/ch\/product\/lisi-leka\/","title":{"rendered":"Lisi &#038; Leka"},"content":{"rendered":"<h1 class=\"fusion-responsive-typography-calculated\" data-fontsize=\"34\" data-lineheight=\"47.94px\">Vorwort<\/h1>\n<p data-fontsize=\"34\" data-lineheight=\"47.94px\">\u00a0Lisi und Leka sind zwei Namen einer neuen Generation. Bardhec Berisha bringt mit dieser Generation ein neues Werk heraus. Das Buch ist den Enkelkindern der zweiten Generation gewidmet. Ich bin Bardhec's Tochter. Als solche kenne ich seine Biografie sehr gut, und das hat meinen eigenen Lebensweg stark beeinflusst. Da Bardhec's Gedichte sehr vom Leben gepr\u00e4gt sind, habe auch ich unabsichtlich zu ihrem Inhalt beigetragen, mit meinen Entscheidungen, aufgrund meines Bed\u00fcrfnisses nach Unabh\u00e4ngigkeit und Freiheit sowie durch unsere intensiven Diskussionen zusammen. Gegenseitig funktioniert das genauso. Ich sch\u00e4tze seine Vermittlerrolle im Dorf, seine ruhige Natur in Konfliktsituationen, seinen Humor, seine Offenheit gegen\u00fcber Menschen, seine selbstkritische Natur und seine Weltsicht sehr. Er teilt gerne sein breites und tiefes Wissen \u00fcber die Geschichte, Kultur und Politik des Balkans und diskutiert seine Ansichten mit Verwandten und Gespr\u00e4chspartnern. All das sch\u00e4tze ich sehr und es hat gro\u00dfen Wert. Solche Bedingungen haben strukturelle Unterschiede, die das Leben beeinflussen. Bardhec's Leben ist gepr\u00e4gt von Unterdr\u00fcckung, Krieg, Migration und Diskriminierung. In seiner Familie und seinem engeren Kreis gab es viele Todesf\u00e4lle. Freunde, Cousins (Onkel, der Sohn des Onkels) sowie seine Mutter verstarben fr\u00fchzeitig. W\u00e4hrend seiner Studienzeit in Kosovo war er gezwungen, Kosovo zu verlassen, aus Gr\u00fcnden<br \/>\nPolitik. Die Schweiz war sein Ziel, denn zu dieser Zeit arbeitete mein Gro\u00dfvater im Zentralen der Schweiz. Er arbeitete als Gastarbeiter in der Bauindustrie. Saisonalarbeiter zu sein, war nicht einfach. Einerseits, weil Bardhec eine kleine Gemeinschaft fand und andererseits, weil die Arbeitsbedingungen hart waren. Niedrige L\u00f6hne, Unterkunft in Baracken, Verpflichtungen. Bardhec wollte nach Kosovo zur\u00fcckkehren. Dann kam der Krieg. Die ganze Familie kam vor dem Krieg in die Schweiz. Ich war f\u00fcnf Jahre alt und niemand fragte mich, ob ich in die Schweiz gehen wollte. Als Kind war der Moment der Ankunft in der Schweiz ein Schock f\u00fcr mich. In Kosovo hatte ich Platz. Es gab Wiesen, Felder, B\u00e4ume und Blumen. In Luzern gab es haupts\u00e4chlich Beton. Alles war grau. Wir lebten in einer engen Umgebung. Ich f\u00fchlte mich eingeengt. Ich hatte den Wunsch zu gehen, ich fragte mich, wie weit ich gehen k\u00f6nnte, nachdem ich es versucht hatte. Aber das schien zuerst unm\u00f6glich. Denn alles war unsicher. Wir wussten nicht, wie lange wir bleiben w\u00fcrden und ob wir in der Schweiz bleiben w\u00fcrden, wir wussten nicht, ob dies finanziell m\u00f6glich w\u00e4re, wir wussten nicht, ob wir die rechtlichen Bedingungen erf\u00fcllen w\u00fcrden, es war nicht dasselbe wie f\u00fcr die Schweizer. Ein kleines Netzwerk, wenig Sprachkenntnisse, wenige Kontakte, viel Unsicherheit und Unverst\u00e4ndnis. Schlechte Erfahrungen mit den Beh\u00f6rden, Menschen in Uniformen und \u00dcberwachern. Das ist Angst. Das ist Politik. Das sind Entscheidungen. Das ist f\u00fcr mich. Ich bin ein Teil davon und distanziere mich. der schwachen. Das Kapitel l\u00e4sst einen Standpunkt offen. Die Zeit vergeht. Bardhec ist, wie immer, ein Sentimentalist. Er hat immer einen Weg gefunden, Dinge zu w\u00e4hlen. Ich auch. Aber auch heute sind viele Menschen, die jetzt in die Schweiz gekommen sind, in einer \u00e4hnlichen Situation.<\/p>\n<h1 data-fontsize=\"34\" data-lineheight=\"47.94px\"><\/h1>\n<h1 data-fontsize=\"34\" data-lineheight=\"47.94px\"><\/h1>\n<h1 class=\"fusion-responsive-typography-calculated\" data-fontsize=\"34\" data-lineheight=\"47.94px\">Notizen \u00fcber den Autor<\/h1>\n<h2 class=\"fusion-responsive-typography-calculated\" data-fontsize=\"21\" data-lineheight=\"27.09px\">Bardhec Berisha<\/h2>\n<p>Er wurde am 16.03.1961 in Doberdol, Gemeinde Klin\u00eb, Kosovo, geboren. Er besuchte die Grundschule in Ujmir, das Gymnasium in Klin\u00eb und studierte dann Albanische Sprache und Literatur an der Universit\u00e4t Prishtina. Im Jahr 1982 heiratete er Bora Duhanaj. Zu Beginn der achtziger Jahre zog Bardhec Berisha von Kosovo in die Schweiz, wo er heute noch lebt. Er arbeitete im Bauwesen, um den Lebensunterhalt seiner Familie im Kosovo zu sichern. Die wenige freie Zeit, die er hatte, widmete er der Literatur, die er vor seiner Auswanderung studierte. Er arbeitet auch als \u00dcbersetzer in verschiedenen Institutionen und besch\u00e4ftigt sich neben dem Schreiben auch mit literarischen \u00dcbersetzungen. Im Jahr 1991 zog er seine Familie in die Schweiz, wo er heute noch mit seiner Frau und seinen vier Kindern sowie seinen beiden Enkeln lebt.<\/p>","protected":false},"excerpt":{"rendered":"<p>Parath\u00ebnie \u00a0Lisi dhe Leka Dy emra t\u00eb nj\u00eb gjenerate t\u00eb re.Bardhec Berisha n\u00eb hap me gjenerata sjell nj\u00eb vep\u00ebr te re.Libri \u00ebsht\u00eb i dedikuar p\u00ebr nip\u00ebrit e mbesat e takoj gjenerat\u00ebs s\u00eb dyt\u00eb. Jam vajza e Bardhecit. Si pjese Un\u00eb e njoh shum\u00eb mir\u00eb biografin\u00eb e tij dhe kjo ka ndikuar shum\u00eb tek un\u00eb n\u00eb &hellip; <br \/><a href=\"https:\/\/www.derkanun.ch\/ch\/product\/lisi-leka\/\" class=\"more-link\">Continue reading <span class=\"screen-reader-text\">Lisi &#038; Leka<\/span><\/a><\/p>","protected":false},"featured_media":7745,"comment_status":"open","ping_status":"closed","template":"","meta":{"_monsterinsights_skip_tracking":false,"_monsterinsights_sitenote_active":false,"_monsterinsights_sitenote_note":"","_monsterinsights_sitenote_category":0},"product_cat":[91],"product_tag":[],"class_list":{"0":"post-7158","1":"product","2":"type-product","3":"status-publish","4":"has-post-thumbnail","6":"product_cat-bardhec-berisha","8":"first","9":"instock","10":"shipping-taxable","11":"purchasable","12":"product-type-simple"},"aioseo_notices":[],"_links":{"self":[{"href":"https:\/\/www.derkanun.ch\/ch\/wp-json\/wp\/v2\/product\/7158","targetHints":{"allow":["GET"]}}],"collection":[{"href":"https:\/\/www.derkanun.ch\/ch\/wp-json\/wp\/v2\/product"}],"about":[{"href":"https:\/\/www.derkanun.ch\/ch\/wp-json\/wp\/v2\/types\/product"}],"replies":[{"embeddable":true,"href":"https:\/\/www.derkanun.ch\/ch\/wp-json\/wp\/v2\/comments?post=7158"}],"wp:featuredmedia":[{"embeddable":true,"href":"https:\/\/www.derkanun.ch\/ch\/wp-json\/wp\/v2\/media\/7745"}],"wp:attachment":[{"href":"https:\/\/www.derkanun.ch\/ch\/wp-json\/wp\/v2\/media?parent=7158"}],"wp:term":[{"taxonomy":"product_cat","embeddable":true,"href":"https:\/\/www.derkanun.ch\/ch\/wp-json\/wp\/v2\/product_cat?post=7158"},{"taxonomy":"product_tag","embeddable":true,"href":"https:\/\/www.derkanun.ch\/ch\/wp-json\/wp\/v2\/product_tag?post=7158"}],"curies":[{"name":"wp","href":"https:\/\/api.w.org\/{rel}","templated":true}]}}