{"id":7154,"date":"2024-04-20T06:18:46","date_gmt":"2024-04-20T06:18:46","guid":{"rendered":"https:\/\/der-kanun.musaj.com\/?post_type=product&#038;p=7154"},"modified":"2026-04-03T12:39:12","modified_gmt":"2026-04-03T12:39:12","slug":"mirdita-liebste","status":"publish","type":"product","link":"https:\/\/www.derkanun.ch\/ch\/product\/mirdita-liebste\/","title":{"rendered":"Mirdita &#8211; Liebste"},"content":{"rendered":"<h1 class=\"fusion-responsive-typography-calculated\" data-fontsize=\"34\" data-lineheight=\"47.94px\">Buch<\/h1>\n<h2 class=\"fusion-responsive-typography-calculated\" data-fontsize=\"21\" data-lineheight=\"27.09px\">\u00dcber den Autor<\/h2>\n<p>&nbsp;<\/p>\n<p>Zu Beginn der achtziger Jahre ging Bardhec Berisha von Kosovo in die Schweiz. Dort arbeitete er im Bauwesen, um den Lebensunterhalt seiner Familie im Kosovo zu sichern. Die wenige freie Zeit, die er hatte, widmete er der Literatur, die er zuvor in Pristina studiert hatte, bevor er auswanderte. \"Miredita Lievste\" sind Gedichte, die er seiner Geliebten widmet, die sp\u00e4ter seine Frau wurde - sch\u00f6ner und politischer k\u00f6nnten sie nicht sein. \"Miredita Lievste\" ist lyrisch und gleichzeitig eine poetische Erz\u00e4hlung (Die Demonstrationen von 1981 im Kosovo, die Migration und der Kosovo-Krieg von 1999). Bardhec Berisha lebt mit seiner Frau und vier Kindern in Emmenbr\u00fccke.<\/p>\n<p>&nbsp;<\/p>","protected":false},"excerpt":{"rendered":"<p>Libri Rreth Autorit &nbsp; Ne fillim te viteve tetedhjeta, Bardhec Berisha, shkon nga Kosova ne Zvicerr. Ai punoi ne ndertimtari, per te siguruar ekzistencen e familjes ne Kosove.Kohen e paket te lire qe e kishte, ia kushtonte letersise te cilen e studioi ne Prishtine para se te migronte.Mirdita Lievste (Miredita e dashure) jan poezi qe &hellip; <br \/><a href=\"https:\/\/www.derkanun.ch\/ch\/product\/mirdita-liebste\/\" class=\"more-link\">Continue reading <span class=\"screen-reader-text\">Mirdita &#8211; Liebste<\/span><\/a><\/p>","protected":false},"featured_media":7746,"comment_status":"open","ping_status":"closed","template":"","meta":{"_monsterinsights_skip_tracking":false,"_monsterinsights_sitenote_active":false,"_monsterinsights_sitenote_note":"","_monsterinsights_sitenote_category":0},"product_cat":[91],"product_tag":[],"class_list":{"0":"post-7154","1":"product","2":"type-product","3":"status-publish","4":"has-post-thumbnail","6":"product_cat-bardhec-berisha","8":"first","9":"instock","10":"shipping-taxable","11":"purchasable","12":"product-type-simple"},"aioseo_notices":[],"_links":{"self":[{"href":"https:\/\/www.derkanun.ch\/ch\/wp-json\/wp\/v2\/product\/7154","targetHints":{"allow":["GET"]}}],"collection":[{"href":"https:\/\/www.derkanun.ch\/ch\/wp-json\/wp\/v2\/product"}],"about":[{"href":"https:\/\/www.derkanun.ch\/ch\/wp-json\/wp\/v2\/types\/product"}],"replies":[{"embeddable":true,"href":"https:\/\/www.derkanun.ch\/ch\/wp-json\/wp\/v2\/comments?post=7154"}],"wp:featuredmedia":[{"embeddable":true,"href":"https:\/\/www.derkanun.ch\/ch\/wp-json\/wp\/v2\/media\/7746"}],"wp:attachment":[{"href":"https:\/\/www.derkanun.ch\/ch\/wp-json\/wp\/v2\/media?parent=7154"}],"wp:term":[{"taxonomy":"product_cat","embeddable":true,"href":"https:\/\/www.derkanun.ch\/ch\/wp-json\/wp\/v2\/product_cat?post=7154"},{"taxonomy":"product_tag","embeddable":true,"href":"https:\/\/www.derkanun.ch\/ch\/wp-json\/wp\/v2\/product_tag?post=7154"}],"curies":[{"name":"wp","href":"https:\/\/api.w.org\/{rel}","templated":true}]}}