{"id":7815,"date":"2024-05-31T08:22:55","date_gmt":"2024-05-31T08:22:55","guid":{"rendered":"https:\/\/www.derkanun.ch\/?page_id=7815"},"modified":"2024-05-31T12:39:05","modified_gmt":"2024-05-31T12:39:05","slug":"agb","status":"publish","type":"page","link":"https:\/\/www.derkanun.ch\/ch\/agb\/","title":{"rendered":"AGB"},"content":{"rendered":"<div data-elementor-type=\"wp-page\" data-elementor-id=\"7815\" class=\"elementor elementor-7815\">\n\t\t\t\t\t\t<section class=\"elementor-section elementor-top-section elementor-element elementor-element-62ae70d elementor-section-boxed elementor-section-height-default elementor-section-height-default\" data-id=\"62ae70d\" data-element_type=\"section\">\n\t\t\t\t\t\t<div class=\"elementor-container elementor-column-gap-default\">\n\t\t\t\t\t<div class=\"elementor-column elementor-col-100 elementor-top-column elementor-element elementor-element-f523b28\" data-id=\"f523b28\" data-element_type=\"column\">\n\t\t\t<div class=\"elementor-widget-wrap elementor-element-populated\">\n\t\t\t\t\t\t<div class=\"elementor-element elementor-element-665aabe elementor-widget elementor-widget-heading\" data-id=\"665aabe\" data-element_type=\"widget\" data-widget_type=\"heading.default\">\n\t\t\t\t<div class=\"elementor-widget-container\">\n\t\t\t<style>\/*! elementor - v3.21.0 - 08-05-2024 *\/\n.elementor-heading-title{padding:0;margin:0;line-height:1}.elementor-widget-heading .elementor-heading-title[class*=elementor-size-]>a{color:inherit;font-size:inherit;line-height:inherit}.elementor-widget-heading .elementor-heading-title.elementor-size-small{font-size:15px}.elementor-widget-heading .elementor-heading-title.elementor-size-medium{font-size:19px}.elementor-widget-heading .elementor-heading-title.elementor-size-large{font-size:29px}.elementor-widget-heading .elementor-heading-title.elementor-size-xl{font-size:39px}.elementor-widget-heading .elementor-heading-title.elementor-size-xxl{font-size:59px}<\/style><h2 class=\"elementor-heading-title elementor-size-default\">AGB<\/h2>\t\t<\/div>\n\t\t\t\t<\/div>\n\t\t\t\t<div class=\"elementor-element elementor-element-f9484cd elementor-widget elementor-widget-text-editor\" data-id=\"f9484cd\" data-element_type=\"widget\" data-widget_type=\"text-editor.default\">\n\t\t\t\t<div class=\"elementor-widget-container\">\n\t\t\t<style>\/*! elementor - v3.21.0 - 08-05-2024 *\/\n.elementor-widget-text-editor.elementor-drop-cap-view-stacked .elementor-drop-cap{background-color:#69727d;color:#fff}.elementor-widget-text-editor.elementor-drop-cap-view-framed .elementor-drop-cap{color:#69727d;border:3px solid;background-color:transparent}.elementor-widget-text-editor:not(.elementor-drop-cap-view-default) .elementor-drop-cap{margin-top:8px}.elementor-widget-text-editor:not(.elementor-drop-cap-view-default) .elementor-drop-cap-letter{width:1em;height:1em}.elementor-widget-text-editor .elementor-drop-cap{float:left;text-align:center;line-height:1;font-size:50px}.elementor-widget-text-editor .elementor-drop-cap-letter{display:inline-block}<\/style>\t\t\t\t<p>\u00a0<\/p><p><b>Anerkenne vo de Allgemeine Gesch\u00e4ftsbedingige<br \/><\/b>Dur d\u2019Bestellig anerkennt de Ch\u00e4ufer, ohni gegenteiligi schrifti Vereinbarung, s\u00e4mtligi Punkt vo d\u00e4ne Verchaufs- und Lieferbedingige.<\/p><p><b>Abbildige und Mass<\/b><br \/>Alli Abbildige, Mass und Angabe sind unverbindlich. Modell- oder Design\u00e4nderige sind vorbehalte.<\/p><p><b>Angebote<\/b><br \/>Telefonisch oder schriftlich abgegebene Angebote sind, ohni anderslautendi schrifti Vereinbarung, nume bi sofortige Zusag und bi Abnahm vo de aagfragte Menge g\u00fcltig. De Zw\u00fcscheverchauf isch vorbehalte. F\u00fcr importierti Ware sind Preis\u00e4nderige bi Kursschwankige vorbehalte.<\/p><p><b>Preise<\/b><br \/>D&#8217;angegebene Preise sind Tagesrichtpreise und verst\u00f6nd sich, wenn n\u00f6d anders aagee, exklusiv de gesetzlige Mehwertsteuer. Staffelpreise sind m\u00f6gli.<\/p><p><b>Lieferfriste<\/b><br \/>Mir halted d&#8217;Lieferfriste so churz wie m\u00f6gli, in der Regel 1-3 T\u00e4g. Wenn kei Versand ab Lager m\u00f6glich isch, teilend mir Ihne dr genaue Liefertermin mit. F\u00fcr Lieferverz\u00f6gerige \u00fcbern\u00e4hmed mir kei Haftig.<\/p><p><b>Lieferkoste<\/b><br \/>Alli Lieferige i d\u00e4 Schwiiz und im F\u00fcrstetum Liecht\u00e4schtei berechned sich grunds\u00e4tzlich nach de Tarife vo DPD bzw. vo dr Schwizer Poscht oder andere Logistikdienschtleister.<\/p><p>Rechnige sind netto innerhalb vo 30 T\u00e4g zahlbar. Dr Ch\u00e4ufer haftet f\u00fcr all Spese und Verzugszins, wo dur versp\u00e4teti Zahlig entst\u00f6nd. Dr Kunde verplichtet sich, mit de zur Verf\u00fcegig gstellte Zahlungsm\u00f6glichkeite z\u2019zahle. Der Kanun beh\u00e4lt sich s&#8217;Recht vor, Chunde ohni Aagabe vo Gr\u00fcnd vo bestimmte Zahlungsm\u00f6glichkeite uszschliesse.<\/p><p><b>R\u00fccknahm<\/b><br \/>R\u00fccknahm vo neuw\u00e4rtiger, ungebrauchter Lagerware in Originalverpackig ch\u00f6nd bis zu 30 T\u00e4g und nach vorherige Vereinbarung sowie Biilage vo Lieferschei oder Rechnungskopie erfolge. Ware usserhalb vo \u00fcsem Lagersortiment ch\u00f6nd n\u00f6d, oder nume zu de Bedingige vom Hersteller, zruggnoh werde. Koste f\u00fcr \u00fcberm\u00e4ssige Umtriebe werde vo de Gutschrift abzooge.<\/p><p><b>Beanstandige<\/b><br \/>D&#8217;Kontrolle vo de Lieferige het sofort nach Erhalt z erfolge. Beanstandige sind sp\u00f6testens innert 8 T\u00e4g aazbringe. Bi Besch\u00e4digung oder Verlust isch dr Empf\u00e4nger verplichtet, bi dr Poscht oder Bahn vorstellig z\u2019w\u00e4rde und vor Annahm vo dr Sendig e Befund ufneh z lah.<\/p><p><b>Garantie<\/b><br \/>Herstellergarantie gem\u00e4\u00df de Richtlinie vo de jeweilige Hersteller, dar\u00fcber us wird dur Der Kanun kei wiiteri Sachm\u00e4ngelgew\u00e4hrleistung g\u00e4h.<\/p><p><b>Eigentums- und Urheberrechte<\/b><br \/>Alli Urheberrechte vo dr Website und vo de verkauften Bilder ligned bi Der Kanun. Bilder, Zeichnige, Texte oder Nummere derfed nume nach schriftlicher Zustimmig vom Urheber verwendet werde.<\/p>\t\t\t\t\t\t<\/div>\n\t\t\t\t<\/div>\n\t\t\t\t\t<\/div>\n\t\t<\/div>\n\t\t\t\t\t<\/div>\n\t\t<\/section>\n\t\t\t\t<\/div>","protected":false},"excerpt":{"rendered":"<p>AGB \u00a0 Anerkenne vo de Allgemeine Gesch\u00e4ftsbedingigeDur d\u2019Bestellig anerkennt de Ch\u00e4ufer, ohni gegenteiligi schrifti Vereinbarung, s\u00e4mtligi Punkt vo d\u00e4ne Verchaufs- und Lieferbedingige. Abbildige und MassAlli Abbildige, Mass und Angabe sind unverbindlich. Modell- oder Design\u00e4nderige sind vorbehalte. AngeboteTelefonisch oder schriftlich abgegebene Angebote sind, ohni anderslautendi schrifti Vereinbarung, nume bi sofortige Zusag und bi Abnahm vo de &hellip; <br \/><a href=\"https:\/\/www.derkanun.ch\/ch\/agb\/\" class=\"more-link\">Continue reading <span class=\"screen-reader-text\">AGB<\/span><\/a><\/p>","protected":false},"author":1,"featured_media":0,"parent":0,"menu_order":0,"comment_status":"closed","ping_status":"closed","template":"","meta":{"_monsterinsights_skip_tracking":false,"_monsterinsights_sitenote_active":false,"_monsterinsights_sitenote_note":"","_monsterinsights_sitenote_category":0,"footnotes":""},"class_list":["post-7815","page","type-page","status-publish","hentry"],"aioseo_notices":[],"_links":{"self":[{"href":"https:\/\/www.derkanun.ch\/ch\/wp-json\/wp\/v2\/pages\/7815","targetHints":{"allow":["GET"]}}],"collection":[{"href":"https:\/\/www.derkanun.ch\/ch\/wp-json\/wp\/v2\/pages"}],"about":[{"href":"https:\/\/www.derkanun.ch\/ch\/wp-json\/wp\/v2\/types\/page"}],"author":[{"embeddable":true,"href":"https:\/\/www.derkanun.ch\/ch\/wp-json\/wp\/v2\/users\/1"}],"replies":[{"embeddable":true,"href":"https:\/\/www.derkanun.ch\/ch\/wp-json\/wp\/v2\/comments?post=7815"}],"version-history":[{"count":3,"href":"https:\/\/www.derkanun.ch\/ch\/wp-json\/wp\/v2\/pages\/7815\/revisions"}],"predecessor-version":[{"id":7818,"href":"https:\/\/www.derkanun.ch\/ch\/wp-json\/wp\/v2\/pages\/7815\/revisions\/7818"}],"wp:attachment":[{"href":"https:\/\/www.derkanun.ch\/ch\/wp-json\/wp\/v2\/media?parent=7815"}],"curies":[{"name":"wp","href":"https:\/\/api.w.org\/{rel}","templated":true}]}}